{"id":39,"date":"2018-08-26T22:07:50","date_gmt":"2018-08-27T01:07:50","guid":{"rendered":"http:\/\/52.229.52.8\/naoobvio\/?page_id=39"},"modified":"2019-04-04T08:27:53","modified_gmt":"2019-04-04T11:27:53","slug":"sobre","status":"publish","type":"page","link":"https:\/\/www.naoobvio.com\/index.php\/sobre\/","title":{"rendered":"Sobre"},"content":{"rendered":"\n<div class=\"wp-block-image\"><figure class=\"aligncenter\"><img src=\"https:\/\/pa1.narvii.com\/6599\/88caab8e3d1eaaa33ed94439d32966a1b26dbf3b_hq.gif\" alt=\"Imagem relacionada\"\/><\/figure><\/div>\n\n\n\n<h3>Quem n\u00e3o gosta de uma boa lista? Talvez, apenas aqueles que est\u00e3o de saco cheio de encontrar as mesmas dicas em compilados repetitivos. Mas, aqui, esse risco est\u00e1 longe de acontecer.  <strong>O N\u00c3O \u00d3BVIO \u00e9 um site de curadoria <\/strong><del><strong>(garimpos)<\/strong><\/del><strong> cultural, jornal\u00edstica e humana, que busca apresentar aquilo que <del>(ainda)<\/del> n\u00e3o est\u00e1 sendo citado por grandes ve\u00edculos de comunica\u00e7\u00e3o, por influenciadores de destaque ou nas principais redes sociais.<\/strong> <\/h3>\n\n\n\n<p style=\"background-color:#ffca39;text-align:center\" class=\"has-background\"><strong><em>Postagens novas de segunda-feira \u00e0 sexta-feira.<\/em><\/strong><\/p>\n\n\n\n<p class=\"has-background has-very-light-gray-background-color\">O <em>N\u00c3O \u00d3BVIO<\/em> tamb\u00e9m est\u00e1 incluso no<strong> jornal <\/strong><a href=\"https:\/\/correio24horas.com.br\"><strong>CORREIO<\/strong><\/a>, na coluna da editora-chefe Vanessa Brunt, que apresenta uma extens\u00e3o deste site com listas in\u00e9ditas feitas diretamente para o jornal em quest\u00e3o. A <a href=\"https:\/\/www.correio24horas.com.br\/noticias\/categoria\/vanessa-brunt\/\">coluna<\/a> especial vai ao ar em todas as quartas-feiras.<\/p>\n\n\n\n<p class=\"has-background has-very-light-gray-background-color\">O site tamb\u00e9m \u00e9 parceiro do <strong>portal <a href=\"http:\/\/ibahia.com\">iBahia<\/a><\/strong>, que republica diversas das mat\u00e9rias produzidas pelo <em>N\u00c3O \u00d3BVIO<\/em>, com os devidos cr\u00e9ditos.<\/p>\n\n\n\n<div class=\"wp-block-image\"><figure class=\"alignleft is-resized\"><img loading=\"lazy\" src=\"https:\/\/img.buzzfeed.com\/buzzfeed-static\/static\/2013-11\/enhanced\/webdr07\/18\/6\/anigif_original-grid-image-9470-1384773933-5.gif?crop=481:481;0,2}\" alt=\"Resultado de imagem para gif lupa\" width=\"217\" height=\"216\"\/><\/figure><\/div>\n\n\n\n<p>Criado pela jornalista e escritora baiana <a href=\"http:\/\/instagram.com\/vanessabrunt\">Vanessa Brunt<\/a>, este site tem o diferencial de apresentar listagens com projetos art\u00edsticos e culturais que v\u00e3o para al\u00e9m das indica\u00e7\u00f5es mais costumeiras encontradas pela web, seja na grande m\u00eddia tradicional (jornais impressos, televis\u00e3o e afins) ou no que est\u00e1 em evid\u00eancia nos maiores portais e plataformas da internet. Outro ponto distintivo deste endere\u00e7o \u00e9 a cria\u00e7\u00e3o de pautas com angula\u00e7\u00f5es singulares para assuntos que est\u00e3o em evid\u00eancia nas grandes m\u00eddias, mostrando, assim, lados ainda n\u00e3o abordados e\/ou apurados em ve\u00edculos de destaque, como blogs ou m\u00eddias sociais.  <br><br>Apesar do <em>N\u00c3O \u00d3BVIO<\/em> focar, principalmente, no formato de listagens para apresentar as suas indica\u00e7\u00f5es: v\u00eddeos e algumas mat\u00e9rias de cr\u00edticas que saem do formato tamb\u00e9m podem acontecer vez ou outra. Na aba &#8216;Entrevistas&#8217;, por exemplo, bastidores de profissionais da arte ou de movimentos art\u00edsticos costumam ser apresentados.<br><br><strong>No <em>N\u00c3O \u00d3BVIO<\/em> \u00e9 visado um meio termo entre o que seriam as chamadas de &#8216;culturas cults&#8217; ou ocultas e aquilo com maior for\u00e7a para estar pautado no que seriam grandes m\u00eddias, mas que ainda n\u00e3o foi descoberto ou disseminado em larga escala \u2013 ou que ainda n\u00e3o foi visto por uma angula\u00e7\u00e3o diferenciada (que ser\u00e1 a apresentada pelo <em>N\u00c3O \u00d3BVIO<\/em>).<\/strong><br><br>Para al\u00e9m de categorias nacionais, como Literatura e M\u00fasica (que podem ser vistas acima), \u00e9 poss\u00edvel perceber que, em duas abas especiais, o site alcan\u00e7a um foco em Salvador\/BA tamb\u00e9m ao listar op\u00e7\u00f5es de eventos, locais e outros e outras propostas culturais desenvolvidas na capital baiana, como \u00e9 o caso de feiras, exposi\u00e7\u00f5es ou at\u00e9 restaurantes.<br><\/p>\n\n\n\n<p><strong>De tal forma, feito para leitores de todo o pa\u00eds, este espa\u00e7o \u00e9 aquele no qual, sem d\u00favidas, o internauta vai encontrar uma s\u00e9rie diferente para assistir, um lugar inusitado para visitar, um site \u00fatil pouco indicado, uma maneira singular de encontrar novas m\u00fasicas, uma dica de filme nunca antes vista, uma forma diferenciada de analisar uma arte&#8230; e, por a\u00ed, vamos: com uma lupa. <\/strong><\/p>\n","protected":false},"excerpt":{"rendered":"<p>Quem n\u00e3o gosta de uma boa lista? Talvez, apenas aqueles que est\u00e3o de saco cheio de encontrar as mesmas dicas em compilados repetitivos. Mas, aqui, esse risco est\u00e1 longe de acontecer. O N\u00c3O \u00d3BVIO \u00e9 um site de curadoria (garimpos) cultural, jornal\u00edstica e humana, que busca apresentar aquilo que (ainda) n\u00e3o est\u00e1 sendo citado por &hellip; <a href=\"https:\/\/www.naoobvio.com\/index.php\/sobre\/\" class=\"more-link\">Continue lendo<span class=\"screen-reader-text\"> &#8220;Sobre&#8221;<\/span><\/a><\/p>\n","protected":false},"author":3,"featured_media":0,"parent":0,"menu_order":0,"comment_status":"closed","ping_status":"closed","template":"","meta":[],"acf":[],"yoast_head":"<!-- This site is optimized with the Yoast SEO plugin v15.9.2 - https:\/\/yoast.com\/wordpress\/plugins\/seo\/ -->\n<title>Sobre - N\u00e3o \u00d3bvio<\/title>\n<meta name=\"description\" content=\"Sobre\" \/>\n<meta name=\"robots\" content=\"index, follow, max-snippet:-1, max-image-preview:large, max-video-preview:-1\" \/>\n<link rel=\"canonical\" href=\"https:\/\/www.naoobvio.com\/index.php\/sobre\/\" \/>\n<meta property=\"og:locale\" content=\"pt_BR\" \/>\n<meta property=\"og:type\" content=\"article\" \/>\n<meta property=\"og:title\" content=\"Sobre - N\u00e3o \u00d3bvio\" \/>\n<meta property=\"og:description\" content=\"Sobre\" \/>\n<meta property=\"og:url\" content=\"https:\/\/www.naoobvio.com\/index.php\/sobre\/\" \/>\n<meta property=\"og:site_name\" content=\"N\u00e3o \u00d3bvio\" \/>\n<meta property=\"article:publisher\" content=\"http:\/\/facebook.com\/nao.obvio\" \/>\n<meta property=\"article:modified_time\" content=\"2019-04-04T11:27:53+00:00\" \/>\n<meta property=\"og:image\" content=\"https:\/\/pa1.narvii.com\/6599\/88caab8e3d1eaaa33ed94439d32966a1b26dbf3b_hq.gif\" \/>\n<meta name=\"twitter:card\" content=\"summary_large_image\" \/>\n<meta name=\"twitter:label1\" content=\"Est. reading time\">\n\t<meta name=\"twitter:data1\" content=\"3 minutos\">\n<script type=\"application\/ld+json\" class=\"yoast-schema-graph\">{\"@context\":\"https:\/\/schema.org\",\"@graph\":[{\"@type\":\"WebSite\",\"@id\":\"https:\/\/www.naoobvio.com\/#website\",\"url\":\"https:\/\/www.naoobvio.com\/\",\"name\":\"N\\u00e3o \\u00d3bvio\",\"description\":\"O que falta na sua  lista\",\"potentialAction\":[{\"@type\":\"SearchAction\",\"target\":\"https:\/\/www.naoobvio.com\/?s={search_term_string}\",\"query-input\":\"required name=search_term_string\"}],\"inLanguage\":\"pt-BR\"},{\"@type\":\"ImageObject\",\"@id\":\"https:\/\/www.naoobvio.com\/index.php\/sobre\/#primaryimage\",\"inLanguage\":\"pt-BR\",\"url\":\"https:\/\/pa1.narvii.com\/6599\/88caab8e3d1eaaa33ed94439d32966a1b26dbf3b_hq.gif\"},{\"@type\":\"WebPage\",\"@id\":\"https:\/\/www.naoobvio.com\/index.php\/sobre\/#webpage\",\"url\":\"https:\/\/www.naoobvio.com\/index.php\/sobre\/\",\"name\":\"Sobre - N\\u00e3o \\u00d3bvio\",\"isPartOf\":{\"@id\":\"https:\/\/www.naoobvio.com\/#website\"},\"primaryImageOfPage\":{\"@id\":\"https:\/\/www.naoobvio.com\/index.php\/sobre\/#primaryimage\"},\"datePublished\":\"2018-08-27T01:07:50+00:00\",\"dateModified\":\"2019-04-04T11:27:53+00:00\",\"description\":\"Sobre\",\"breadcrumb\":{\"@id\":\"https:\/\/www.naoobvio.com\/index.php\/sobre\/#breadcrumb\"},\"inLanguage\":\"pt-BR\",\"potentialAction\":[{\"@type\":\"ReadAction\",\"target\":[\"https:\/\/www.naoobvio.com\/index.php\/sobre\/\"]}]},{\"@type\":\"BreadcrumbList\",\"@id\":\"https:\/\/www.naoobvio.com\/index.php\/sobre\/#breadcrumb\",\"itemListElement\":[{\"@type\":\"ListItem\",\"position\":1,\"item\":{\"@type\":\"WebPage\",\"@id\":\"https:\/\/www.naoobvio.com\/\",\"url\":\"https:\/\/www.naoobvio.com\/\",\"name\":\"In\\u00edcio\"}},{\"@type\":\"ListItem\",\"position\":2,\"item\":{\"@type\":\"WebPage\",\"@id\":\"https:\/\/www.naoobvio.com\/index.php\/sobre\/\",\"url\":\"https:\/\/www.naoobvio.com\/index.php\/sobre\/\",\"name\":\"Sobre\"}}]}]}<\/script>\n<!-- \/ Yoast SEO plugin. -->","_links":{"self":[{"href":"https:\/\/www.naoobvio.com\/index.php\/wp-json\/wp\/v2\/pages\/39"}],"collection":[{"href":"https:\/\/www.naoobvio.com\/index.php\/wp-json\/wp\/v2\/pages"}],"about":[{"href":"https:\/\/www.naoobvio.com\/index.php\/wp-json\/wp\/v2\/types\/page"}],"author":[{"embeddable":true,"href":"https:\/\/www.naoobvio.com\/index.php\/wp-json\/wp\/v2\/users\/3"}],"replies":[{"embeddable":true,"href":"https:\/\/www.naoobvio.com\/index.php\/wp-json\/wp\/v2\/comments?post=39"}],"version-history":[{"count":29,"href":"https:\/\/www.naoobvio.com\/index.php\/wp-json\/wp\/v2\/pages\/39\/revisions"}],"predecessor-version":[{"id":1956,"href":"https:\/\/www.naoobvio.com\/index.php\/wp-json\/wp\/v2\/pages\/39\/revisions\/1956"}],"wp:attachment":[{"href":"https:\/\/www.naoobvio.com\/index.php\/wp-json\/wp\/v2\/media?parent=39"}],"curies":[{"name":"wp","href":"https:\/\/api.w.org\/{rel}","templated":true}]}}