{"id":47,"date":"2018-08-26T22:08:10","date_gmt":"2018-08-27T01:08:10","guid":{"rendered":"http:\/\/52.229.52.8\/naoobvio\/?page_id=47"},"modified":"2023-12-09T11:02:42","modified_gmt":"2023-12-09T14:02:42","slug":"anuncie","status":"publish","type":"page","link":"https:\/\/www.naoobvio.com\/index.php\/anuncie\/","title":{"rendered":"Anuncie"},"content":{"rendered":"\n<p class=\"has-text-align-center has-background\" style=\"background-color:#f4eddc\">Para solicitar o\u00a0M\u00eddia Kit, envie um e-mail para: <strong>contato@ciative.com.br <\/strong>ou para<br><strong>vanessabruntcontato@gmail.com<\/strong><br><\/p>\n\n\n\n<div class=\"wp-block-image\"><figure class=\"aligncenter\"><img src=\"https:\/\/big.assets.huffingtonpost.com\/tumblr_mzll5d45qW1qbwqqbo2_500.gif\" alt=\"Resultado de imagem para gif happy harry potter\"\/><\/figure><\/div>\n\n\n\n<p class=\"has-very-light-gray-background-color has-background\">Acesse o site de Vanessa Brunt (@vanessabrunt) para conferir mais op\u00e7\u00f5es de parcerias em combos com outros ve\u00edculos e redes sociais: <a href=\"https:\/\/vanessabrunt.com\">vanessabrunt.com<\/a><\/p>\n\n\n\n<p class=\"has-very-light-gray-background-color has-background\">O <em>N\u00c3O \u00d3BVIO<\/em> est\u00e1 incluso no<strong> jornal <\/strong><a href=\"https:\/\/correio24horas.com.br\"><strong>CORREIO<\/strong><\/a>, na coluna da editora-chefe Vanessa Brunt, que apresenta uma extens\u00e3o deste site com listas in\u00e9ditas feitas diretamente para o jornal em quest\u00e3o. A <a href=\"https:\/\/www.correio24horas.com.br\/noticias\/categoria\/vanessa-brunt\/\">coluna<\/a> especial vai ao ar em todas as quartas-feiras.<\/p>\n\n\n\n<p class=\"has-very-light-gray-background-color has-background\">O site tamb\u00e9m \u00e9 parceiro do <strong>portal <a href=\"http:\/\/ibahia.com\">iBahia<\/a><\/strong>, que republica diversas das mat\u00e9rias produzidas pelo <em>N\u00c3O \u00d3BVIO<\/em>, com os devidos cr\u00e9ditos.<\/p>\n\n\n\n<p class=\"has-text-align-center has-background\" style=\"background-color:#f2e8a6\">\u2592 <strong><em>COMO FUNCIONA PARA ANUNCIAR? <\/em><\/strong>\u2592<br><br><em>\u2022&nbsp;<\/em><strong>A sua empresa\/marca pode:<\/strong><\/p>\n\n\n\n<p>\u260c Ser inclusa em uma das nossas produ\u00e7\u00f5es\/mat\u00e9rias escritas<br><br>\u260c Ganhar uma mat\u00e9ria que foque apenas na sua marca (em <a href=\"http:\/\/www.naoobvio.com\/index.php\/2018\/12\/02\/4-grafiteiros-baianos-entrevista-nao-obvia\/\">v\u00eddeo<\/a> ou postagem escrita)<br><br>\u260c Ser indicada em uma postagem do nosso <a href=\"https:\/\/www.instagram.com\/nao.obvio\/\">Instagram<\/a><br><br>\u260c Ser indicada em todas as nossas redes sociais<br><\/p>\n\n\n\n<div class=\"wp-block-media-text alignwide\"><figure class=\"wp-block-media-text__media\"><img src=\"https:\/\/media.giphy.com\/media\/g3xeQPxe9HAWI\/giphy.gif\" alt=\"Resultado de imagem para friends gif hug\"\/><\/figure><div class=\"wp-block-media-text__content\">\n<p><br><em>\u2022&nbsp;<\/em><strong>As etapas e condi\u00e7\u00f5es s\u00e3o:&nbsp;<\/strong><br><br>Diante do recebimento do e-mail, nossa equipe vai analisar o seu produto para verificar se ele est\u00e1 de acordo com os princ\u00edpios \u00e9ticos e jornal\u00edsticos do nosso site.<\/p>\n\n\n\n<p>Ap\u00f3s, vamos encontrar a melhor maneira de encaix\u00e1-lo nas nossas produ\u00e7\u00f5es&nbsp;\u2013 informando que se trata de uma publicidade, mas refor\u00e7ando a nossa responsabilidade em apresentar a qualidade real de cada indica\u00e7\u00e3o.<\/p>\n\n\n\n<p>Antes disso, por\u00e9m, enviaremos o nosso M\u00eddia Kit, que traz, com comprova\u00e7\u00f5es, os n\u00fameros de p\u00fablico e os engajamentos alcan\u00e7ados pelas nossas postagens, al\u00e9m das op\u00e7\u00f5es (descritas acima) para que anuncie a sua marca no N\u00e3o \u00d3bvio com os respectivos valores.<\/p>\n\n\n\n<p>\u00c9 poss\u00edvel, portanto, que escolha um dos formatos pontuados acima ou que opte por todos eles.<\/p>\n\n\n\n<p>Qualquer d\u00favida pode ser enviada para o mesmo e-mail e vamos esclarecer prontamente.&nbsp;\u263b\n\n<\/p>\n<\/div><\/div>\n","protected":false},"excerpt":{"rendered":"<p>Para solicitar o\u00a0M\u00eddia Kit, envie um e-mail para: contato@ciative.com.br ou paravanessabruntcontato@gmail.com Acesse o site de Vanessa Brunt (@vanessabrunt) para conferir mais op\u00e7\u00f5es de parcerias em combos com outros ve\u00edculos e redes sociais: vanessabrunt.com O N\u00c3O \u00d3BVIO est\u00e1 incluso no jornal CORREIO, na coluna da editora-chefe Vanessa Brunt, que apresenta uma extens\u00e3o deste site com listas &hellip; <a href=\"https:\/\/www.naoobvio.com\/index.php\/anuncie\/\" class=\"more-link\">Continue lendo<span class=\"screen-reader-text\"> &#8220;Anuncie&#8221;<\/span><\/a><\/p>\n","protected":false},"author":1,"featured_media":0,"parent":0,"menu_order":0,"comment_status":"closed","ping_status":"closed","template":"","meta":[],"acf":[],"yoast_head":"<!-- This site is optimized with the Yoast SEO plugin v15.9.2 - https:\/\/yoast.com\/wordpress\/plugins\/seo\/ -->\n<title>Anuncie - N\u00e3o \u00d3bvio<\/title>\n<meta name=\"description\" content=\"Anuncie\" \/>\n<meta name=\"robots\" content=\"index, follow, max-snippet:-1, max-image-preview:large, max-video-preview:-1\" \/>\n<link rel=\"canonical\" href=\"https:\/\/www.naoobvio.com\/index.php\/anuncie\/\" \/>\n<meta property=\"og:locale\" content=\"pt_BR\" \/>\n<meta property=\"og:type\" content=\"article\" \/>\n<meta property=\"og:title\" content=\"Anuncie - N\u00e3o \u00d3bvio\" \/>\n<meta property=\"og:description\" content=\"Anuncie\" \/>\n<meta property=\"og:url\" content=\"https:\/\/www.naoobvio.com\/index.php\/anuncie\/\" \/>\n<meta property=\"og:site_name\" content=\"N\u00e3o \u00d3bvio\" \/>\n<meta property=\"article:publisher\" content=\"http:\/\/facebook.com\/nao.obvio\" \/>\n<meta property=\"article:modified_time\" content=\"2023-12-09T14:02:42+00:00\" \/>\n<meta property=\"og:image\" content=\"https:\/\/big.assets.huffingtonpost.com\/tumblr_mzll5d45qW1qbwqqbo2_500.gif\" \/>\n<meta name=\"twitter:card\" content=\"summary_large_image\" \/>\n<meta name=\"twitter:label1\" content=\"Est. reading time\">\n\t<meta name=\"twitter:data1\" content=\"2 minutos\">\n<script type=\"application\/ld+json\" class=\"yoast-schema-graph\">{\"@context\":\"https:\/\/schema.org\",\"@graph\":[{\"@type\":\"WebSite\",\"@id\":\"https:\/\/www.naoobvio.com\/#website\",\"url\":\"https:\/\/www.naoobvio.com\/\",\"name\":\"N\\u00e3o \\u00d3bvio\",\"description\":\"O que falta na sua  lista\",\"potentialAction\":[{\"@type\":\"SearchAction\",\"target\":\"https:\/\/www.naoobvio.com\/?s={search_term_string}\",\"query-input\":\"required name=search_term_string\"}],\"inLanguage\":\"pt-BR\"},{\"@type\":\"ImageObject\",\"@id\":\"https:\/\/www.naoobvio.com\/index.php\/anuncie\/#primaryimage\",\"inLanguage\":\"pt-BR\",\"url\":\"https:\/\/big.assets.huffingtonpost.com\/tumblr_mzll5d45qW1qbwqqbo2_500.gif\"},{\"@type\":\"WebPage\",\"@id\":\"https:\/\/www.naoobvio.com\/index.php\/anuncie\/#webpage\",\"url\":\"https:\/\/www.naoobvio.com\/index.php\/anuncie\/\",\"name\":\"Anuncie - N\\u00e3o \\u00d3bvio\",\"isPartOf\":{\"@id\":\"https:\/\/www.naoobvio.com\/#website\"},\"primaryImageOfPage\":{\"@id\":\"https:\/\/www.naoobvio.com\/index.php\/anuncie\/#primaryimage\"},\"datePublished\":\"2018-08-27T01:08:10+00:00\",\"dateModified\":\"2023-12-09T14:02:42+00:00\",\"description\":\"Anuncie\",\"breadcrumb\":{\"@id\":\"https:\/\/www.naoobvio.com\/index.php\/anuncie\/#breadcrumb\"},\"inLanguage\":\"pt-BR\",\"potentialAction\":[{\"@type\":\"ReadAction\",\"target\":[\"https:\/\/www.naoobvio.com\/index.php\/anuncie\/\"]}]},{\"@type\":\"BreadcrumbList\",\"@id\":\"https:\/\/www.naoobvio.com\/index.php\/anuncie\/#breadcrumb\",\"itemListElement\":[{\"@type\":\"ListItem\",\"position\":1,\"item\":{\"@type\":\"WebPage\",\"@id\":\"https:\/\/www.naoobvio.com\/\",\"url\":\"https:\/\/www.naoobvio.com\/\",\"name\":\"In\\u00edcio\"}},{\"@type\":\"ListItem\",\"position\":2,\"item\":{\"@type\":\"WebPage\",\"@id\":\"https:\/\/www.naoobvio.com\/index.php\/anuncie\/\",\"url\":\"https:\/\/www.naoobvio.com\/index.php\/anuncie\/\",\"name\":\"Anuncie\"}}]}]}<\/script>\n<!-- \/ Yoast SEO plugin. -->","_links":{"self":[{"href":"https:\/\/www.naoobvio.com\/index.php\/wp-json\/wp\/v2\/pages\/47"}],"collection":[{"href":"https:\/\/www.naoobvio.com\/index.php\/wp-json\/wp\/v2\/pages"}],"about":[{"href":"https:\/\/www.naoobvio.com\/index.php\/wp-json\/wp\/v2\/types\/page"}],"author":[{"embeddable":true,"href":"https:\/\/www.naoobvio.com\/index.php\/wp-json\/wp\/v2\/users\/1"}],"replies":[{"embeddable":true,"href":"https:\/\/www.naoobvio.com\/index.php\/wp-json\/wp\/v2\/comments?post=47"}],"version-history":[{"count":20,"href":"https:\/\/www.naoobvio.com\/index.php\/wp-json\/wp\/v2\/pages\/47\/revisions"}],"predecessor-version":[{"id":21971,"href":"https:\/\/www.naoobvio.com\/index.php\/wp-json\/wp\/v2\/pages\/47\/revisions\/21971"}],"wp:attachment":[{"href":"https:\/\/www.naoobvio.com\/index.php\/wp-json\/wp\/v2\/media?parent=47"}],"curies":[{"name":"wp","href":"https:\/\/api.w.org\/{rel}","templated":true}]}}